{"id":240,"date":"2025-03-24T09:53:17","date_gmt":"2025-03-24T08:53:17","guid":{"rendered":"https:\/\/www.unitedindustries.sk\/novinky\/"},"modified":"2025-03-24T09:54:17","modified_gmt":"2025-03-24T08:54:17","slug":"news","status":"publish","type":"page","link":"https:\/\/www.unitedindustries.sk\/en\/news\/","title":{"rendered":"News"},"content":{"rendered":"[vc_row type=&#8221;in_container&#8221; full_screen_row_position=&#8221;middle&#8221; column_margin=&#8221;default&#8221; column_direction=&#8221;default&#8221; column_direction_tablet=&#8221;default&#8221; column_direction_phone=&#8221;default&#8221; scene_position=&#8221;center&#8221; text_color=&#8221;dark&#8221; text_align=&#8221;left&#8221; row_border_radius=&#8221;none&#8221; row_border_radius_applies=&#8221;bg&#8221; overflow=&#8221;visible&#8221; overlay_strength=&#8221;0.3&#8243; gradient_direction=&#8221;left_to_right&#8221; shape_divider_position=&#8221;bottom&#8221; bg_image_animation=&#8221;none&#8221;][vc_column column_padding=&#8221;no-extra-padding&#8221; column_padding_tablet=&#8221;inherit&#8221; column_padding_phone=&#8221;inherit&#8221; column_padding_position=&#8221;all&#8221; column_element_spacing=&#8221;default&#8221; background_color_opacity=&#8221;1&#8243; background_hover_color_opacity=&#8221;1&#8243; column_shadow=&#8221;none&#8221; column_border_radius=&#8221;none&#8221; column_link_target=&#8221;_self&#8221; column_position=&#8221;default&#8221; gradient_direction=&#8221;left_to_right&#8221; overlay_strength=&#8221;0.3&#8243; width=&#8221;1\/1&#8243; tablet_width_inherit=&#8221;default&#8221; tablet_text_alignment=&#8221;default&#8221; phone_text_alignment=&#8221;default&#8221; animation_type=&#8221;default&#8221; bg_image_animation=&#8221;none&#8221; border_type=&#8221;simple&#8221; column_border_width=&#8221;none&#8221; column_border_style=&#8221;solid&#8221;][vc_column_text]\n<h1 style=\"text-align: center;\">News<\/h1>\n[\/vc_column_text][divider line_type=&#8221;No Line&#8221; custom_height=&#8221;25&#8243;][\/vc_column][\/vc_row][vc_row type=&#8221;in_container&#8221; full_screen_row_position=&#8221;middle&#8221; column_margin=&#8221;default&#8221; column_direction=&#8221;default&#8221; column_direction_tablet=&#8221;default&#8221; column_direction_phone=&#8221;default&#8221; scene_position=&#8221;center&#8221; text_color=&#8221;dark&#8221; text_align=&#8221;left&#8221; row_border_radius=&#8221;none&#8221; row_border_radius_applies=&#8221;bg&#8221; overflow=&#8221;visible&#8221; overlay_strength=&#8221;0.3&#8243; gradient_direction=&#8221;left_to_right&#8221; shape_divider_position=&#8221;bottom&#8221; bg_image_animation=&#8221;none&#8221;][vc_column column_padding=&#8221;no-extra-padding&#8221; column_padding_tablet=&#8221;inherit&#8221; column_padding_phone=&#8221;inherit&#8221; column_padding_position=&#8221;all&#8221; column_element_spacing=&#8221;default&#8221; background_color_opacity=&#8221;1&#8243; background_hover_color_opacity=&#8221;1&#8243; column_shadow=&#8221;none&#8221; column_border_radius=&#8221;none&#8221; column_link_target=&#8221;_self&#8221; column_position=&#8221;default&#8221; gradient_direction=&#8221;left_to_right&#8221; overlay_strength=&#8221;0.3&#8243; width=&#8221;1\/1&#8243; tablet_width_inherit=&#8221;default&#8221; tablet_text_alignment=&#8221;default&#8221; phone_text_alignment=&#8221;default&#8221; animation_type=&#8221;default&#8221; bg_image_animation=&#8221;none&#8221; border_type=&#8221;simple&#8221; column_border_width=&#8221;none&#8221; column_border_style=&#8221;solid&#8221;][nectar_blog layout=&#8221;masonry-blog-fullwidth&#8221; blog_masonry_style=&#8221;classic_enhanced&#8221; load_in_animation=&#8221;none&#8221; category=&#8221;all&#8221; enable_pagination=&#8221;true&#8221; pagination_type=&#8221;infinite_scroll&#8221; order=&#8221;DESC&#8221; orderby=&#8221;date&#8221; blog_remove_post_author=&#8221;true&#8221; blog_remove_post_comment_number=&#8221;true&#8221; blog_remove_post_nectar_love=&#8221;true&#8221; posts_per_page=&#8221;9&#8243;][\/vc_column][\/vc_row]\n","protected":false},"excerpt":{"rendered":"<p>[vc_row type=&#8221;in_container&#8221; full_screen_row_position=&#8221;middle&#8221; column_margin=&#8221;default&#8221; column_direction=&#8221;default&#8221; column_direction_tablet=&#8221;default&#8221; column_direction_phone=&#8221;default&#8221; scene_position=&#8221;center&#8221; text_color=&#8221;dark&#8221; text_align=&#8221;left&#8221; row_border_radius=&#8221;none&#8221; row_border_radius_applies=&#8221;bg&#8221; overflow=&#8221;visible&#8221; overlay_strength=&#8221;0.3&#8243; gradient_direction=&#8221;left_to_right&#8221; shape_divider_position=&#8221;bottom&#8221; bg_image_animation=&#8221;none&#8221;][vc_column column_padding=&#8221;no-extra-padding&#8221; column_padding_tablet=&#8221;inherit&#8221; column_padding_phone=&#8221;inherit&#8221; column_padding_position=&#8221;all&#8221; column_element_spacing=&#8221;default&#8221; background_color_opacity=&#8221;1&#8243; background_hover_color_opacity=&#8221;1&#8243; column_shadow=&#8221;none&#8221; column_border_radius=&#8221;none&#8221; column_link_target=&#8221;_self&#8221; column_position=&#8221;default&#8221; gradient_direction=&#8221;left_to_right&#8221; overlay_strength=&#8221;0.3&#8243;&#8230;<\/p>\n","protected":false},"author":1,"featured_media":0,"parent":0,"menu_order":0,"comment_status":"closed","ping_status":"closed","template":"","meta":{"inline_featured_image":false,"footnotes":""},"class_list":["post-240","page","type-page","status-publish"],"yoast_head":"<!-- This site is optimized with the Yoast SEO plugin v24.7 - https:\/\/yoast.com\/wordpress\/plugins\/seo\/ -->\n<title>UNITED INDUSTRIES a.s. | investi\u010dn\u00e1 skupina<\/title>\n<meta name=\"description\" content=\"Vitajte na str\u00e1nke na\u0161ej investi\u010dnej skupiny, kde sa v kr\u00e1tkosti m\u00f4\u017eete dozvedie\u0165 viac o na\u0161ich podnikate\u013esk\u00fdch aktivit\u00e1ch.\" \/>\n<meta name=\"robots\" content=\"index, follow, max-snippet:-1, max-image-preview:large, max-video-preview:-1\" \/>\n<link rel=\"canonical\" href=\"https:\/\/www.unitedindustries.sk\/en\/news\/\" \/>\n<meta property=\"og:locale\" content=\"en_US\" \/>\n<meta property=\"og:type\" content=\"article\" \/>\n<meta property=\"og:title\" content=\"UNITED INDUSTRIES a.s. | investi\u010dn\u00e1 skupina\" \/>\n<meta property=\"og:description\" content=\"Vitajte na str\u00e1nke na\u0161ej investi\u010dnej skupiny, kde sa v kr\u00e1tkosti m\u00f4\u017eete dozvedie\u0165 viac o na\u0161ich podnikate\u013esk\u00fdch aktivit\u00e1ch.\" \/>\n<meta property=\"og:url\" content=\"https:\/\/www.unitedindustries.sk\/en\/news\/\" \/>\n<meta property=\"og:site_name\" content=\"United Industries\" \/>\n<meta property=\"article:modified_time\" content=\"2025-03-24T08:54:17+00:00\" \/>\n<meta property=\"og:image\" content=\"https:\/\/www.unitedindustries.sk\/wp-content\/uploads\/2022\/08\/shareimage-United_Industries.png\" \/>\n\t<meta property=\"og:image:width\" content=\"1400\" \/>\n\t<meta property=\"og:image:height\" content=\"800\" \/>\n\t<meta property=\"og:image:type\" content=\"image\/png\" \/>\n<meta name=\"twitter:card\" content=\"summary_large_image\" \/>\n<meta name=\"twitter:label1\" content=\"Est. reading time\" \/>\n\t<meta name=\"twitter:data1\" content=\"1 minute\" \/>\n<script type=\"application\/ld+json\" class=\"yoast-schema-graph\">{\"@context\":\"https:\/\/schema.org\",\"@graph\":[{\"@type\":\"WebPage\",\"@id\":\"https:\/\/www.unitedindustries.sk\/en\/news\/\",\"url\":\"https:\/\/www.unitedindustries.sk\/en\/news\/\",\"name\":\"UNITED INDUSTRIES a.s. | investi\u010dn\u00e1 skupina\",\"isPartOf\":{\"@id\":\"https:\/\/www.unitedindustries.sk\/en\/#website\"},\"datePublished\":\"2025-03-24T08:53:17+00:00\",\"dateModified\":\"2025-03-24T08:54:17+00:00\",\"description\":\"Vitajte na str\u00e1nke na\u0161ej investi\u010dnej skupiny, kde sa v kr\u00e1tkosti m\u00f4\u017eete dozvedie\u0165 viac o na\u0161ich podnikate\u013esk\u00fdch aktivit\u00e1ch.\",\"breadcrumb\":{\"@id\":\"https:\/\/www.unitedindustries.sk\/en\/news\/#breadcrumb\"},\"inLanguage\":\"en-US\",\"potentialAction\":[{\"@type\":\"ReadAction\",\"target\":[\"https:\/\/www.unitedindustries.sk\/en\/news\/\"]}]},{\"@type\":\"BreadcrumbList\",\"@id\":\"https:\/\/www.unitedindustries.sk\/en\/news\/#breadcrumb\",\"itemListElement\":[{\"@type\":\"ListItem\",\"position\":1,\"name\":\"Domovsk\u00e1 str\u00e1nka\",\"item\":\"https:\/\/www.unitedindustries.sk\/en\/\"},{\"@type\":\"ListItem\",\"position\":2,\"name\":\"News\"}]},{\"@type\":\"WebSite\",\"@id\":\"https:\/\/www.unitedindustries.sk\/en\/#website\",\"url\":\"https:\/\/www.unitedindustries.sk\/en\/\",\"name\":\"United Industries\",\"description\":\"United Industries\",\"publisher\":{\"@id\":\"https:\/\/www.unitedindustries.sk\/en\/#organization\"},\"potentialAction\":[{\"@type\":\"SearchAction\",\"target\":{\"@type\":\"EntryPoint\",\"urlTemplate\":\"https:\/\/www.unitedindustries.sk\/en\/?s={search_term_string}\"},\"query-input\":{\"@type\":\"PropertyValueSpecification\",\"valueRequired\":true,\"valueName\":\"search_term_string\"}}],\"inLanguage\":\"en-US\"},{\"@type\":\"Organization\",\"@id\":\"https:\/\/www.unitedindustries.sk\/en\/#organization\",\"name\":\"UNITED INDUSTRIES\",\"url\":\"https:\/\/www.unitedindustries.sk\/en\/\",\"logo\":{\"@type\":\"ImageObject\",\"inLanguage\":\"en-US\",\"@id\":\"https:\/\/www.unitedindustries.sk\/en\/#\/schema\/logo\/image\/\",\"url\":\"https:\/\/www.unitedindustries.sk\/wp-content\/uploads\/2022\/08\/logo-ui-color.svg\",\"contentUrl\":\"https:\/\/www.unitedindustries.sk\/wp-content\/uploads\/2022\/08\/logo-ui-color.svg\",\"width\":332,\"height\":67,\"caption\":\"UNITED INDUSTRIES\"},\"image\":{\"@id\":\"https:\/\/www.unitedindustries.sk\/en\/#\/schema\/logo\/image\/\"}}]}<\/script>\n<!-- \/ Yoast SEO plugin. -->","yoast_head_json":{"title":"UNITED INDUSTRIES a.s. | investi\u010dn\u00e1 skupina","description":"Vitajte na str\u00e1nke na\u0161ej investi\u010dnej skupiny, kde sa v kr\u00e1tkosti m\u00f4\u017eete dozvedie\u0165 viac o na\u0161ich podnikate\u013esk\u00fdch aktivit\u00e1ch.","robots":{"index":"index","follow":"follow","max-snippet":"max-snippet:-1","max-image-preview":"max-image-preview:large","max-video-preview":"max-video-preview:-1"},"canonical":"https:\/\/www.unitedindustries.sk\/en\/news\/","og_locale":"en_US","og_type":"article","og_title":"UNITED INDUSTRIES a.s. | investi\u010dn\u00e1 skupina","og_description":"Vitajte na str\u00e1nke na\u0161ej investi\u010dnej skupiny, kde sa v kr\u00e1tkosti m\u00f4\u017eete dozvedie\u0165 viac o na\u0161ich podnikate\u013esk\u00fdch aktivit\u00e1ch.","og_url":"https:\/\/www.unitedindustries.sk\/en\/news\/","og_site_name":"United Industries","article_modified_time":"2025-03-24T08:54:17+00:00","og_image":[{"width":1400,"height":800,"url":"https:\/\/www.unitedindustries.sk\/wp-content\/uploads\/2022\/08\/shareimage-United_Industries.png","type":"image\/png"}],"twitter_card":"summary_large_image","twitter_misc":{"Est. reading time":"1 minute"},"schema":{"@context":"https:\/\/schema.org","@graph":[{"@type":"WebPage","@id":"https:\/\/www.unitedindustries.sk\/en\/news\/","url":"https:\/\/www.unitedindustries.sk\/en\/news\/","name":"UNITED INDUSTRIES a.s. | investi\u010dn\u00e1 skupina","isPartOf":{"@id":"https:\/\/www.unitedindustries.sk\/en\/#website"},"datePublished":"2025-03-24T08:53:17+00:00","dateModified":"2025-03-24T08:54:17+00:00","description":"Vitajte na str\u00e1nke na\u0161ej investi\u010dnej skupiny, kde sa v kr\u00e1tkosti m\u00f4\u017eete dozvedie\u0165 viac o na\u0161ich podnikate\u013esk\u00fdch aktivit\u00e1ch.","breadcrumb":{"@id":"https:\/\/www.unitedindustries.sk\/en\/news\/#breadcrumb"},"inLanguage":"en-US","potentialAction":[{"@type":"ReadAction","target":["https:\/\/www.unitedindustries.sk\/en\/news\/"]}]},{"@type":"BreadcrumbList","@id":"https:\/\/www.unitedindustries.sk\/en\/news\/#breadcrumb","itemListElement":[{"@type":"ListItem","position":1,"name":"Domovsk\u00e1 str\u00e1nka","item":"https:\/\/www.unitedindustries.sk\/en\/"},{"@type":"ListItem","position":2,"name":"News"}]},{"@type":"WebSite","@id":"https:\/\/www.unitedindustries.sk\/en\/#website","url":"https:\/\/www.unitedindustries.sk\/en\/","name":"United Industries","description":"United Industries","publisher":{"@id":"https:\/\/www.unitedindustries.sk\/en\/#organization"},"potentialAction":[{"@type":"SearchAction","target":{"@type":"EntryPoint","urlTemplate":"https:\/\/www.unitedindustries.sk\/en\/?s={search_term_string}"},"query-input":{"@type":"PropertyValueSpecification","valueRequired":true,"valueName":"search_term_string"}}],"inLanguage":"en-US"},{"@type":"Organization","@id":"https:\/\/www.unitedindustries.sk\/en\/#organization","name":"UNITED INDUSTRIES","url":"https:\/\/www.unitedindustries.sk\/en\/","logo":{"@type":"ImageObject","inLanguage":"en-US","@id":"https:\/\/www.unitedindustries.sk\/en\/#\/schema\/logo\/image\/","url":"https:\/\/www.unitedindustries.sk\/wp-content\/uploads\/2022\/08\/logo-ui-color.svg","contentUrl":"https:\/\/www.unitedindustries.sk\/wp-content\/uploads\/2022\/08\/logo-ui-color.svg","width":332,"height":67,"caption":"UNITED INDUSTRIES"},"image":{"@id":"https:\/\/www.unitedindustries.sk\/en\/#\/schema\/logo\/image\/"}}]}},"_links":{"self":[{"href":"https:\/\/www.unitedindustries.sk\/en\/wp-json\/wp\/v2\/pages\/240","targetHints":{"allow":["GET"]}}],"collection":[{"href":"https:\/\/www.unitedindustries.sk\/en\/wp-json\/wp\/v2\/pages"}],"about":[{"href":"https:\/\/www.unitedindustries.sk\/en\/wp-json\/wp\/v2\/types\/page"}],"author":[{"embeddable":true,"href":"https:\/\/www.unitedindustries.sk\/en\/wp-json\/wp\/v2\/users\/1"}],"replies":[{"embeddable":true,"href":"https:\/\/www.unitedindustries.sk\/en\/wp-json\/wp\/v2\/comments?post=240"}],"version-history":[{"count":1,"href":"https:\/\/www.unitedindustries.sk\/en\/wp-json\/wp\/v2\/pages\/240\/revisions"}],"predecessor-version":[{"id":241,"href":"https:\/\/www.unitedindustries.sk\/en\/wp-json\/wp\/v2\/pages\/240\/revisions\/241"}],"wp:attachment":[{"href":"https:\/\/www.unitedindustries.sk\/en\/wp-json\/wp\/v2\/media?parent=240"}],"curies":[{"name":"wp","href":"https:\/\/api.w.org\/{rel}","templated":true}]}}